{"id":849,"date":"2022-02-08T13:47:20","date_gmt":"2022-02-08T12:47:20","guid":{"rendered":"https:\/\/softener.pl\/?page_id=849"},"modified":"2022-02-08T13:47:20","modified_gmt":"2022-02-08T12:47:20","slug":"gwarancja","status":"publish","type":"page","link":"https:\/\/softener.pl\/index.php\/gwarancja\/","title":{"rendered":"Gwarancja"},"content":{"rendered":"<ol start=\"5\">\n<li style=\"text-align: left;\"><strong> Gwarancja firmy Softener Sp. z o.o.<\/strong><\/li>\n<\/ol>\n<p>&nbsp;<\/p>\n<p>Szanowny Nabywco,<\/p>\n<p>niniejszy produkt jest obj\u0119ty dwunastomiesi\u0119czn\u0105 gwarancj\u0105 od daty zakupu. W przypadku stwierdzenia jego wad przys\u0142uguj\u0105 Ci\u00a0 ustawowe uprawnienia w stosunku do Sprzedawcy. Poni\u017cej przedstawione warunki gwarancji w niczym nie ograniczaj\u0105 tych praw.<\/p>\n<p>Bieg gwarancji rozpoczyna si\u0119 od dnia zakupu. Je\u017celi w ci\u0105gu dwunastu miesi\u0119cy od daty zakupu wyst\u0105pi w produkcie wada materia\u0142owa lub produkcyjna naprawimy go\u00a0 bezp\u0142atnie lub wymienimy na nowy &#8211; wedle naszego uznania.<\/p>\n<p>\u015awiadczenie gwarancyjne nie powoduje przed\u0142u\u017cenia gwarancji. Po up\u0142ywie gwarancji wszelkie naprawy s\u0105 p\u0142atne.<\/p>\n<p>Gwarancja traci wa\u017cno\u015b\u0107 w razie uszkodzenia produktu, niew\u0142a\u015bciwego u\u017cytkowania lub samodzielnej naprawy. Prawid\u0142owe u\u017cytkowanie produktu wymaga \u015bcis\u0142ego przestrzegania wszystkich wskaz\u00f3wek zawartych w niniejszej instrukcji. Nale\u017cy bezwzgl\u0119dnie unika\u0107 przeznacze\u0144 i sposob\u00f3w u\u017cytkowania, kt\u00f3re nie s\u0105 zalecane lub przed kt\u00f3rymi ostrzega niniejsza instrukcja obs\u0142ugi.<\/p>\n","protected":false},"excerpt":{"rendered":"<p>Gwarancja firmy Softener Sp. z o.o. &nbsp; Szanowny Nabywco, niniejszy produkt jest obj\u0119ty dwunastomiesi\u0119czn\u0105 gwarancj\u0105 od daty zakupu. W przypadku stwierdzenia jego wad przys\u0142uguj\u0105 Ci\u00a0 ustawowe uprawnienia w stosunku do Sprzedawcy. Poni\u017cej przedstawione warunki gwarancji&hellip;<\/p>\n","protected":false},"author":1,"featured_media":0,"parent":0,"menu_order":0,"comment_status":"closed","ping_status":"closed","template":"","meta":{"inline_featured_image":false,"footnotes":""},"class_list":["post-849","page","type-page","status-publish","hentry"],"_links":{"self":[{"href":"https:\/\/softener.pl\/index.php\/wp-json\/wp\/v2\/pages\/849","targetHints":{"allow":["GET"]}}],"collection":[{"href":"https:\/\/softener.pl\/index.php\/wp-json\/wp\/v2\/pages"}],"about":[{"href":"https:\/\/softener.pl\/index.php\/wp-json\/wp\/v2\/types\/page"}],"author":[{"embeddable":true,"href":"https:\/\/softener.pl\/index.php\/wp-json\/wp\/v2\/users\/1"}],"replies":[{"embeddable":true,"href":"https:\/\/softener.pl\/index.php\/wp-json\/wp\/v2\/comments?post=849"}],"version-history":[{"count":1,"href":"https:\/\/softener.pl\/index.php\/wp-json\/wp\/v2\/pages\/849\/revisions"}],"predecessor-version":[{"id":850,"href":"https:\/\/softener.pl\/index.php\/wp-json\/wp\/v2\/pages\/849\/revisions\/850"}],"wp:attachment":[{"href":"https:\/\/softener.pl\/index.php\/wp-json\/wp\/v2\/media?parent=849"}],"curies":[{"name":"wp","href":"https:\/\/api.w.org\/{rel}","templated":true}]}}