{"id":583,"date":"2021-12-15T20:07:51","date_gmt":"2021-12-15T19:07:51","guid":{"rendered":"https:\/\/softener.pl\/?post_type=product&#038;p=583"},"modified":"2025-09-07T00:34:00","modified_gmt":"2025-09-06T22:34:00","slug":"mydlo-dove","status":"publish","type":"product","link":"https:\/\/softener.pl\/index.php\/produkt\/mydlo-dove\/","title":{"rendered":"Myd\u0142o Dove"},"content":{"rendered":"<h1 style=\"text-align: center;\">Myd\u0142o Dove<\/h1>\n<p>&nbsp;<\/p>\n<p>Wchodz\u0105c w \u015bwiat piel\u0119gnacji sk\u00f3ry, nie ma produktu bardziej ikonicznego ni\u017c <strong>Myd\u0142o Dove<\/strong>. Od ponad p\u00f3\u0142wiecza kocha je i uznaje za niezb\u0119dne do codziennej piel\u0119gnacji miliony ludzi na ca\u0142ym \u015bwiecie. To nie tylko myd\u0142o. To zmys\u0142owy rytua\u0142, kt\u00f3ry wnika w Twoj\u0105 sk\u00f3r\u0119, otulaj\u0105c j\u0105 delikatno\u015bci\u0105 i dba\u0142o\u015bci\u0105.<\/p>\n<p>Formu\u0142a Myd\u0142a Dove to arcydzie\u0142o r\u00f3wnowagi. \u0141\u0105czy w sobie sk\u0142adniki \u0142agodz\u0105ce z g\u0142\u0119boko nawil\u017caj\u0105cymi substancjami. Ju\u017c na pierwszy dotyk czujesz, jak Twoja sk\u00f3ra odbiera ten delikatny zastrzyk piel\u0119gnacji. Myd\u0142o <strong>usuwa zanieczyszczenia<\/strong>, chroni\u0105c przy tym naturalny p\u0142aszcz lipidowy sk\u00f3ry, kt\u00f3ry pozostaje nienaruszony. Efekt? Sk\u00f3ra jest czysta, od\u015bwie\u017cona, a jednocze\u015bnie nie ma \u015bladu uczucia \u015bci\u0105gni\u0119cia.<\/p>\n<p>Dodatkowo, Myd\u0142o Dove jest wzbogacone o nawil\u017caj\u0105ce substancje, kt\u00f3re sprawiaj\u0105, \u017ce sk\u00f3ra staje si\u0119 <strong>aksamitnie mi\u0119kka<\/strong>, jedwabi\u015bcie g\u0142adka i promienna. Regularne stosowanie wp\u0142ywa na utrzymanie optymalnego poziomu nawil\u017cenia, co przek\u0142ada si\u0119 na zdrowy, j\u0119drny wygl\u0105d.<\/p>\n<p>W \u015bwiecie, w kt\u00f3rym troska o \u015brodowisko to priorytet, Myd\u0142o Dove jest liderem. Odpowiedzialnie podej\u015bcie do produkcji oraz ekologiczne opakowania to cechy, kt\u00f3re wyr\u00f3\u017cniaj\u0105 t\u0119 mark\u0119. Dove to nie tylko<strong> troska o sk\u00f3r\u0119<\/strong>, ale i o planet\u0119.<\/p>\n<p>K\u0105piel staje si\u0119 chwil\u0105 intymno\u015bci i odpr\u0119\u017cenia, a Myd\u0142o Dove dodaje jej nut\u0119 magii. Jego subtelnym, <strong>\u015bwie\u017cym zapachem<\/strong> otulasz cia\u0142o i zmys\u0142y, otwieraj\u0105c si\u0119 na doznania ka\u017cdej k\u0105pieli.<\/p>\n<p>Myd\u0142o Dove to nie tylko produkt, to rytua\u0142, kt\u00f3ry dotyka serca i sk\u00f3r\u0119. To spos\u00f3b na pi\u0119kno, kt\u00f3re wyra\u017ca si\u0119 przez zdrow\u0105, promienn\u0105 sk\u00f3r\u0119. Do\u0142\u0105cz do milion\u00f3w ludzi, kt\u00f3rzy wybrali Myd\u0142o Dove i pozw\u00f3l swojej sk\u00f3rze poczu\u0107 niezwyk\u0142\u0105 trosk\u0119 i <strong>dba\u0142o\u015b\u0107<\/strong>, kt\u00f3rej zas\u0142uguje.<\/p>\n<p>Myd\u0142o to niezast\u0105piony element naszej codziennej piel\u0119gnacji, oferuj\u0105cy szereg korzy\u015bci dla naszej sk\u00f3ry. Przede wszystkim, jest doskona\u0142ym \u015brodkiem oczyszczaj\u0105cym, <strong>usuwaj\u0105cym zanieczyszczenia<\/strong>, nadmiar sebum i inne nieczysto\u015bci, kt\u00f3re gromadz\u0105 si\u0119 na powierzchni sk\u00f3ry. To dzi\u0119ki niemu nasza sk\u00f3ra staje si\u0119 \u015bwie\u017ca i odzyskuje naturalny blask.<\/p>\n<p>Co r\u00f3wnie wa\u017cne, myd\u0142o jest znakomitym nawil\u017caczem. Dzi\u0119ki odpowiednio dobranym sk\u0142adnikom, myd\u0142a mog\u0105 zatrzyma\u0107 wilgo\u0107 w sk\u00f3rze, co chroni j\u0105 przed <strong>przesuszeniem<\/strong>. To szczeg\u00f3lnie wa\u017cne w przypadku os\u00f3b z such\u0105 lub wra\u017cliw\u0105 sk\u00f3r\u0105.<\/p>\n<p>Ponadto, coraz wi\u0119cej myde\u0142 na rynku opiera swoje receptury na <strong>naturalnych sk\u0142adnikach<\/strong>. Ro\u015blinne oleje, ekstrakty z zi\u00f3\u0142 czy witaminy to tylko niekt\u00f3re z korzystnych komponent\u00f3w, kt\u00f3re mog\u0105 by\u0107 obecne w mydle. Dzi\u0119ki nim, myd\u0142o nie tylko oczyszcza, ale i dostarcza sk\u00f3rze niezb\u0119dnych substancji od\u017cywczych.<\/p>\n<p>Myd\u0142a w kostce s\u0105 r\u00f3wnie\u017c <strong>bardziej ekologiczne<\/strong>. W przeciwie\u0144stwie do p\u0142ynnych \u017celi, nie generuj\u0105 plastikowych opakowa\u0144 ani innych odpad\u00f3w. Ich produkcja ma mniejszy wp\u0142yw na \u015brodowisko, co sprawia, \u017ce s\u0105 bardziej zr\u00f3wnowa\u017conym wyborem.<\/p>\n<p>Wreszcie, myd\u0142o to nie tylko produkt piel\u0119gnacyjny, ale tak\u017ce element naszej codziennej rutyny, kt\u00f3ry <strong>dostarcza chwili odpr\u0119\u017cenia i relaksu<\/strong>. Subtelny aromat myd\u0142a otula nas zmys\u0142y, sprawiaj\u0105c, \u017ce ka\u017cda k\u0105piel staje si\u0119 przyjemnym do\u015bwiadczeniem dla cia\u0142a i umys\u0142u.<\/p>\n<p>&nbsp;<\/p>\n<p><span style=\"color: #000000;\"><strong><em><a style=\"color: #000000;\" href=\"https:\/\/pomaranczowasowa.pl\/dlaczego-warto-stosowac-naturalne-mydla\/\">Zobacz wi\u0119cej zalet myd\u0142a!<\/a><\/em><\/strong><\/span><\/p>\n","protected":false},"excerpt":{"rendered":"<p>Myd\u0142o Dove &nbsp; Wchodz\u0105c w \u015bwiat piel\u0119gnacji sk\u00f3ry, nie ma produktu bardziej ikonicznego ni\u017c Myd\u0142o Dove. Od ponad p\u00f3\u0142wiecza kocha je i uznaje za niezb\u0119dne do codziennej piel\u0119gnacji miliony ludzi na ca\u0142ym \u015bwiecie. To nie&hellip;<\/p>\n","protected":false},"featured_media":588,"comment_status":"open","ping_status":"closed","template":"","meta":{"inline_featured_image":false},"product_brand":[],"product_cat":[54],"product_tag":[],"class_list":{"0":"post-583","1":"product","2":"type-product","3":"status-publish","4":"has-post-thumbnail","6":"product_cat-mydlo","8":"first","9":"instock","10":"shipping-taxable","11":"purchasable","12":"product-type-simple"},"_links":{"self":[{"href":"https:\/\/softener.pl\/index.php\/wp-json\/wp\/v2\/product\/583","targetHints":{"allow":["GET"]}}],"collection":[{"href":"https:\/\/softener.pl\/index.php\/wp-json\/wp\/v2\/product"}],"about":[{"href":"https:\/\/softener.pl\/index.php\/wp-json\/wp\/v2\/types\/product"}],"replies":[{"embeddable":true,"href":"https:\/\/softener.pl\/index.php\/wp-json\/wp\/v2\/comments?post=583"}],"wp:featuredmedia":[{"embeddable":true,"href":"https:\/\/softener.pl\/index.php\/wp-json\/wp\/v2\/media\/588"}],"wp:attachment":[{"href":"https:\/\/softener.pl\/index.php\/wp-json\/wp\/v2\/media?parent=583"}],"wp:term":[{"taxonomy":"product_brand","embeddable":true,"href":"https:\/\/softener.pl\/index.php\/wp-json\/wp\/v2\/product_brand?post=583"},{"taxonomy":"product_cat","embeddable":true,"href":"https:\/\/softener.pl\/index.php\/wp-json\/wp\/v2\/product_cat?post=583"},{"taxonomy":"product_tag","embeddable":true,"href":"https:\/\/softener.pl\/index.php\/wp-json\/wp\/v2\/product_tag?post=583"}],"curies":[{"name":"wp","href":"https:\/\/api.w.org\/{rel}","templated":true}]}}