{"id":686,"date":"2021-12-20T11:06:05","date_gmt":"2021-12-20T10:06:05","guid":{"rendered":"https:\/\/softener.pl\/?post_type=product&#038;p=686"},"modified":"2025-09-07T00:34:01","modified_gmt":"2025-09-06T22:34:01","slug":"zel-do-golenia-gillette-mach-3-complete-defense-extra-comfort","status":"publish","type":"product","link":"https:\/\/softener.pl\/index.php\/produkt\/zel-do-golenia-gillette-mach-3-complete-defense-extra-comfort\/","title":{"rendered":"\u017bel do golenia &#8211; Gillette Mach 3 Complete Defense Extra Comfort"},"content":{"rendered":"<h1 style=\"text-align: center;\">\u017bel do golenia<\/h1>\n<p>&nbsp;<\/p>\n<p>Formu\u0142a tego wyj\u0105tkowego \u017celu to harmonijne po\u0142\u0105czenie <strong>zaawansowanych sk\u0142adnik\u00f3w<\/strong>, kt\u00f3re gwarantuj\u0105 niezwyk\u0142\u0105 <strong>jako\u015b\u0107<\/strong> golenia. Delikatnie otula w\u0142osy, przygotowuj\u0105c je do idealnego przeci\u0119cia podczas golenia, co minimalizuje <strong>ryzyko skalecze\u0144<\/strong> i podra\u017cnie\u0144 sk\u00f3ry.<\/p>\n<p>\u017bel do golenia Gillette Mach 3 Complete Defense Extra Comfort zosta\u0142 wzbogacony o sk\u0142adniki <strong>nawil\u017caj\u0105ce<\/strong>, kt\u00f3re od\u017cywiaj\u0105 i chroni\u0105 sk\u00f3r\u0119 podczas procesu golenia. Dzi\u0119ki temu, Tw\u00f3j nask\u00f3rek pozostaje elastyczny i zdrowy, nawet po wielu latach regularnego stosowania.<\/p>\n<p>Dodatkowo, delikatny zapach tego \u017celu sprawia, \u017ce ca\u0142a procedura golenia staje si\u0119 nie tylko czyst\u0105 rado\u015bci\u0105, ale r\u00f3wnie\u017c relaksuj\u0105cym do\u015bwiadczeniem. \u017bel jest \u0142atwy w aplikacji, tworz\u0105c <strong>g\u0119st\u0105 i puszyst\u0105 pian\u0119<\/strong>, kt\u00f3ra doskonale zmi\u0119kcza w\u0142osy.<\/p>\n<p>\u017bel do golenia jest kluczowym elementem ka\u017cdej rutyny piel\u0119gnacyjnej m\u0119\u017cczyzny. Dlaczego? To nie tylko kwestia komfortu, ale przede wszystkim zdrowia sk\u00f3ry. W\u0142a\u015bciwie dobrany \u017cel to gwarancja idealnie wygolonej brody bez <strong>podra\u017cnie\u0144 i skalecze\u0144<\/strong>.<\/p>\n<p>Formu\u0142a \u017celu do golenia jest starannie <strong>zbalansowana<\/strong>, by maksymalnie u\u0142atwi\u0107 proces golenia. Odpowiednio nawil\u017ca w\u0142osy, zmi\u0119kcza je, a co za tym idzie, u\u0142atwia ich przeci\u0119cie. Dodatkowo, sk\u0142adniki <strong>nawil\u017caj\u0105ce<\/strong> zawarte w \u017celu dbaj\u0105 o nawil\u017cenie i ochron\u0119 sk\u00f3ry. Dzi\u0119ki temu, nawet po wielu latach regularnego stosowania, Twoja sk\u00f3ra pozostaje spr\u0119\u017cysta i zdrowa.<\/p>\n<p>W\u0142a\u015bciwie dobrany \u017cel do golenia to r\u00f3wnie\u017c spos\u00f3b na bardziej komfortowe do\u015bwiadczenie. Pianka, kt\u00f3r\u0105 tworzy, dzia\u0142a jak naturalny amortyzator, chroni\u0105c sk\u00f3r\u0119 przed urazami. Co wi\u0119cej, <strong>delikatny zapach<\/strong> \u017celu dodaje ca\u0142emu procesowi golenia nut\u0119 relaksu i przyjemno\u015bci.<\/p>\n<p>Nie ma lepszego sposobu na rozpocz\u0119cie dnia ni\u017c g\u0142adko ogolona twarz. Dlatego w\u0142a\u015bnie warto postawi\u0107 na<strong> \u017cel do golenia<\/strong> &#8211; to nie tylko produkt, to klucz do perfekcyjnego wygl\u0105du i zadbanej sk\u00f3ry. Do\u0142\u0105cz do milion\u00f3w m\u0119\u017cczyzn, kt\u00f3rzy odkryli, \u017ce odpowiednio dobrany \u017cel to podstawa doskona\u0142ego golenia.<\/p>\n<p><span style=\"color: #000000;\"><strong><em><a style=\"color: #000000;\" href=\"https:\/\/www.gillette.pl\/pl-pl\/wskazowki-na-temat-golenia\/pielegnacja-skory\/dlaczego-warto-uzywac-kremu-do-golenia\">Przeczytaj artyku\u0142 dlaczego dobry \u017cel do golenia jest taki wa\u017cny!<\/a><\/em><\/strong><\/span><\/p>\n<p>&nbsp;<\/p>\n<ol>\n<li><strong>Ekstra Komfort Golenia:<\/strong> Dzi\u0119ki specjalnej formule, \u017bel do Golenia Gillette Mach 3 Complete Defense zapewnia g\u0142adkie i komfortowe golenie, minimalizuj\u0105c podra\u017cnienia sk\u00f3ry.<\/li>\n<li><strong>Wysoka Ochrona:<\/strong> Bogata w sk\u0142adniki nawil\u017caj\u0105ce i koj\u0105ce, formu\u0142a tego \u017celu chroni sk\u00f3r\u0119 przed wysuszeniem i zaczerwienieniami, zapewniaj\u0105c jej zdrowy wygl\u0105d.<\/li>\n<li><strong>Doskona\u0142a Kompatybilno\u015b\u0107:<\/strong> Produkt zosta\u0142 stworzony z my\u015bl\u0105 o u\u017cytkownikach maszynki do golenia Gillette Mach 3, gwarantuj\u0105c najwy\u017csz\u0105 efektywno\u015b\u0107 i dopasowanie.<\/li>\n<li><strong>Szybkie i \u0141atwe Stosowanie:<\/strong> \u017bel \u0142atwo si\u0119 rozprowadza, tworz\u0105c delikatn\u0105 pian\u0119, kt\u00f3ra u\u0142atwia proces golenia i zapewnia maksymaln\u0105 precyzj\u0119.<\/li>\n<li><strong>\u015awie\u017cy Zapach:<\/strong> Subtelny, m\u0119ski zapach doda Ci energii i od\u015bwie\u017cy Twoj\u0105 sk\u00f3r\u0119 na ca\u0142y dzie\u0144.<\/li>\n<\/ol>\n<p>&nbsp;<\/p>\n<p>Poczuj r\u00f3\u017cnic\u0119 ju\u017c od pierwszego u\u017cycia! <strong>\u017bel do Golenia<\/strong> Gillette Mach 3 Complete Defense Extra Comfort to gwarancja perfekcyjnego golenia i doskona\u0142ego samopoczucia Twojej sk\u00f3ry.<\/p>\n","protected":false},"excerpt":{"rendered":"<p>\u017bel do golenia &nbsp; Formu\u0142a tego wyj\u0105tkowego \u017celu to harmonijne po\u0142\u0105czenie zaawansowanych sk\u0142adnik\u00f3w, kt\u00f3re gwarantuj\u0105 niezwyk\u0142\u0105 jako\u015b\u0107 golenia. Delikatnie otula w\u0142osy, przygotowuj\u0105c je do idealnego przeci\u0119cia podczas golenia, co minimalizuje ryzyko skalecze\u0144 i podra\u017cnie\u0144 sk\u00f3ry.&hellip;<\/p>\n","protected":false},"featured_media":688,"comment_status":"open","ping_status":"closed","template":"","meta":{"inline_featured_image":false},"product_brand":[],"product_cat":[59],"product_tag":[58],"class_list":{"0":"post-686","1":"product","2":"type-product","3":"status-publish","4":"has-post-thumbnail","6":"product_cat-zel-do-golenia","7":"product_tag-zel-do-golenia","9":"first","10":"instock","11":"shipping-taxable","12":"purchasable","13":"product-type-simple"},"_links":{"self":[{"href":"https:\/\/softener.pl\/index.php\/wp-json\/wp\/v2\/product\/686","targetHints":{"allow":["GET"]}}],"collection":[{"href":"https:\/\/softener.pl\/index.php\/wp-json\/wp\/v2\/product"}],"about":[{"href":"https:\/\/softener.pl\/index.php\/wp-json\/wp\/v2\/types\/product"}],"replies":[{"embeddable":true,"href":"https:\/\/softener.pl\/index.php\/wp-json\/wp\/v2\/comments?post=686"}],"wp:featuredmedia":[{"embeddable":true,"href":"https:\/\/softener.pl\/index.php\/wp-json\/wp\/v2\/media\/688"}],"wp:attachment":[{"href":"https:\/\/softener.pl\/index.php\/wp-json\/wp\/v2\/media?parent=686"}],"wp:term":[{"taxonomy":"product_brand","embeddable":true,"href":"https:\/\/softener.pl\/index.php\/wp-json\/wp\/v2\/product_brand?post=686"},{"taxonomy":"product_cat","embeddable":true,"href":"https:\/\/softener.pl\/index.php\/wp-json\/wp\/v2\/product_cat?post=686"},{"taxonomy":"product_tag","embeddable":true,"href":"https:\/\/softener.pl\/index.php\/wp-json\/wp\/v2\/product_tag?post=686"}],"curies":[{"name":"wp","href":"https:\/\/api.w.org\/{rel}","templated":true}]}}